{"id":101,"date":"2021-01-15T19:47:30","date_gmt":"2021-01-15T19:47:30","guid":{"rendered":"https:\/\/venadosoft.com.ar\/agencia\/?page_id=101"},"modified":"2021-01-15T21:04:04","modified_gmt":"2021-01-15T21:04:04","slug":"servicios-2","status":"publish","type":"page","link":"https:\/\/venadosoft.com.ar\/agencia\/servicios-2\/","title":{"rendered":"Servicios"},"content":{"rendered":"\t\t<div data-elementor-type=\"wp-page\" data-elementor-id=\"101\" class=\"elementor elementor-101\">\n\t\t\t\t\t\t<section class=\"elementor-section elementor-top-section elementor-element elementor-element-49b49a90 elementor-section-boxed elementor-section-height-default elementor-section-height-default\" data-id=\"49b49a90\" data-element_type=\"section\" data-e-type=\"section\">\n\t\t\t\t\t\t<div class=\"elementor-container elementor-column-gap-default\">\n\t\t\t\t\t<div class=\"elementor-column elementor-col-100 elementor-top-column elementor-element elementor-element-f494abe\" data-id=\"f494abe\" data-element_type=\"column\" data-e-type=\"column\">\n\t\t\t<div class=\"elementor-widget-wrap elementor-element-populated\">\n\t\t\t\t\t\t<div class=\"elementor-element elementor-element-68f894f1 elementor-widget elementor-widget-text-editor\" data-id=\"68f894f1\" data-element_type=\"widget\" data-e-type=\"widget\" data-widget_type=\"text-editor.default\">\n\t\t\t\t<div class=\"elementor-widget-container\">\n\t\t\t\t\t\t\t\t\t\n<p>Contamos con una plataforma de manejo de contenidos CMS que te ayudar\u00e1 a mantener tu sitio web al d\u00eda<\/p>\n\t\t\t\t\t\t\t\t<\/div>\n\t\t\t\t<\/div>\n\t\t\t\t\t<\/div>\n\t\t<\/div>\n\t\t\t\t\t<\/div>\n\t\t<\/section>\n\t\t\t\t<section class=\"elementor-section elementor-top-section elementor-element elementor-element-9735b4c elementor-section-full_width elementor-section-height-default elementor-section-height-default\" data-id=\"9735b4c\" data-element_type=\"section\" data-e-type=\"section\">\n\t\t\t\t\t\t<div class=\"elementor-container elementor-column-gap-default\">\n\t\t\t\t\t<div class=\"elementor-column elementor-col-33 elementor-top-column elementor-element elementor-element-5724b0f\" data-id=\"5724b0f\" data-element_type=\"column\" data-e-type=\"column\">\n\t\t\t<div class=\"elementor-widget-wrap elementor-element-populated\">\n\t\t\t\t\t\t<div class=\"elementor-element elementor-element-b80aeac elementor-widget elementor-widget-image\" data-id=\"b80aeac\" data-element_type=\"widget\" data-e-type=\"widget\" data-widget_type=\"image.default\">\n\t\t\t\t<div class=\"elementor-widget-container\">\n\t\t\t\t\t\t\t\t\t\t\t\t\t\t\t<img fetchpriority=\"high\" decoding=\"async\" width=\"363\" height=\"381\" src=\"https:\/\/venadosoft.com.ar\/agencia\/wp-content\/uploads\/2021\/01\/plataforma.jpg\" class=\"attachment-large size-large wp-image-104\" alt=\"\" \/>\t\t\t\t\t\t\t\t\t\t\t\t\t\t\t<\/div>\n\t\t\t\t<\/div>\n\t\t\t\t\t<\/div>\n\t\t<\/div>\n\t\t\t\t<div class=\"elementor-column elementor-col-33 elementor-top-column elementor-element elementor-element-1b6f79b\" data-id=\"1b6f79b\" data-element_type=\"column\" data-e-type=\"column\">\n\t\t\t<div class=\"elementor-widget-wrap elementor-element-populated\">\n\t\t\t\t\t\t<div class=\"elementor-element elementor-element-7d18f64 elementor-invisible elementor-widget elementor-widget-heading\" data-id=\"7d18f64\" data-element_type=\"widget\" data-e-type=\"widget\" data-settings=\"{&quot;_animation&quot;:&quot;fadeInDown&quot;}\" data-widget_type=\"heading.default\">\n\t\t\t\t<div class=\"elementor-widget-container\">\n\t\t\t\t\t<h1 class=\"elementor-heading-title elementor-size-default\">Mediante ua amistosa plataforma web, podr\u00e1s acceder a la edici\u00f3n de tus contenidos de manera r\u00e1pida y simple<\/h1>\t\t\t\t<\/div>\n\t\t\t\t<\/div>\n\t\t\t\t\t<\/div>\n\t\t<\/div>\n\t\t\t\t<div class=\"elementor-column elementor-col-33 elementor-top-column elementor-element elementor-element-c496a71\" data-id=\"c496a71\" data-element_type=\"column\" data-e-type=\"column\">\n\t\t\t<div class=\"elementor-widget-wrap elementor-element-populated\">\n\t\t\t\t\t\t<div class=\"elementor-element elementor-element-3c46510 elementor-view-default elementor-invisible elementor-widget elementor-widget-icon\" data-id=\"3c46510\" data-element_type=\"widget\" data-e-type=\"widget\" data-settings=\"{&quot;_animation&quot;:&quot;rotateInUpLeft&quot;}\" data-widget_type=\"icon.default\">\n\t\t\t\t<div class=\"elementor-widget-container\">\n\t\t\t\t\t\t\t<div class=\"elementor-icon-wrapper\">\n\t\t\t<div class=\"elementor-icon\">\n\t\t\t<i aria-hidden=\"true\" class=\"fab fa-wordpress-simple\"><\/i>\t\t\t<\/div>\n\t\t<\/div>\n\t\t\t\t\t\t<\/div>\n\t\t\t\t<\/div>\n\t\t\t\t\t<\/div>\n\t\t<\/div>\n\t\t\t\t\t<\/div>\n\t\t<\/section>\n\t\t\t\t<section class=\"elementor-section elementor-top-section elementor-element elementor-element-d5e0de1 elementor-section-boxed elementor-section-height-default elementor-section-height-default\" data-id=\"d5e0de1\" data-element_type=\"section\" data-e-type=\"section\">\n\t\t\t\t\t\t<div class=\"elementor-container elementor-column-gap-default\">\n\t\t\t\t\t<div class=\"elementor-column elementor-col-100 elementor-top-column elementor-element elementor-element-f497e21\" data-id=\"f497e21\" data-element_type=\"column\" data-e-type=\"column\">\n\t\t\t<div class=\"elementor-widget-wrap elementor-element-populated\">\n\t\t\t\t\t\t<div class=\"elementor-element elementor-element-789940b elementor-widget elementor-widget-spacer\" data-id=\"789940b\" data-element_type=\"widget\" data-e-type=\"widget\" data-widget_type=\"spacer.default\">\n\t\t\t\t<div class=\"elementor-widget-container\">\n\t\t\t\t\t\t\t<div class=\"elementor-spacer\">\n\t\t\t<div class=\"elementor-spacer-inner\"><\/div>\n\t\t<\/div>\n\t\t\t\t\t\t<\/div>\n\t\t\t\t<\/div>\n\t\t\t\t\t<\/div>\n\t\t<\/div>\n\t\t\t\t\t<\/div>\n\t\t<\/section>\n\t\t\t\t<section class=\"elementor-section elementor-top-section elementor-element elementor-element-ee90cc0 elementor-section-full_width elementor-section-height-default elementor-section-height-default\" data-id=\"ee90cc0\" data-element_type=\"section\" data-e-type=\"section\">\n\t\t\t\t\t\t<div class=\"elementor-container elementor-column-gap-default\">\n\t\t\t\t\t<div class=\"elementor-column elementor-col-100 elementor-top-column elementor-element elementor-element-a888b4c\" data-id=\"a888b4c\" data-element_type=\"column\" data-e-type=\"column\">\n\t\t\t<div class=\"elementor-widget-wrap elementor-element-populated\">\n\t\t\t\t\t\t<div class=\"elementor-element elementor-element-8fe4259 elementor-invisible elementor-widget elementor-widget-heading\" data-id=\"8fe4259\" data-element_type=\"widget\" data-e-type=\"widget\" data-settings=\"{&quot;_animation&quot;:&quot;zoomIn&quot;}\" data-widget_type=\"heading.default\">\n\t\t\t\t<div class=\"elementor-widget-container\">\n\t\t\t\t\t<h1 class=\"elementor-heading-title elementor-size-default\">Campa\u00f1as de marketing en Facebook e Instagram<\/h1>\t\t\t\t<\/div>\n\t\t\t\t<\/div>\n\t\t\t\t\t<\/div>\n\t\t<\/div>\n\t\t\t\t\t<\/div>\n\t\t<\/section>\n\t\t\t\t<section class=\"elementor-section elementor-top-section elementor-element elementor-element-4e6992d elementor-section-boxed elementor-section-height-default elementor-section-height-default\" data-id=\"4e6992d\" data-element_type=\"section\" data-e-type=\"section\">\n\t\t\t\t\t\t<div class=\"elementor-container elementor-column-gap-default\">\n\t\t\t\t\t<div class=\"elementor-column elementor-col-50 elementor-top-column elementor-element elementor-element-5d7dae8\" data-id=\"5d7dae8\" data-element_type=\"column\" data-e-type=\"column\">\n\t\t\t<div class=\"elementor-widget-wrap elementor-element-populated\">\n\t\t\t\t\t\t<div class=\"elementor-element elementor-element-59d9fd9 elementor-widget elementor-widget-heading\" data-id=\"59d9fd9\" data-element_type=\"widget\" data-e-type=\"widget\" data-widget_type=\"heading.default\">\n\t\t\t\t<div class=\"elementor-widget-container\">\n\t\t\t\t\t<h2 class=\"elementor-heading-title elementor-size-default\"><h2 style=\"white-space: normal\"><br><\/h2><h3 style=\"white-space: normal\">Mientras tu descansas, pon\u00e9 a&nbsp;Facebook&nbsp;vender por vos y a buscar tus clientes<\/h3><p style=\"font-size: 15px;font-weight: 400;white-space: normal\">&nbsp;<\/p><ul style=\"font-size: 15px;font-weight: 400;white-space: normal\"><li><h3>Actualizaci\u00f3n de&nbsp;fanPages&nbsp;&nbsp;con inclusi\u00f3n de formularios y&nbsp; botones de acci\u00f3n para extraer los datos de tus&nbsp;futuros Clientes, en formato CSV o Excel con sus datos para poder contactarte<\/h3><\/li><li><h3>Programaci\u00f3n de los avisos seg\u00fan horarios y fechas a establecer, seg\u00fan costumbres tus clientes.<\/h3><\/li><li><h3>Segmentaci\u00f3n y&nbsp; Sectorizaci\u00f3n&nbsp;&nbsp;de tu p\u00fablico seg\u00fan grupo etario, g\u00e9nero y localizaci\u00f3n.<\/h3><\/li><li><h3>&nbsp;Administraci\u00f3n de herramientas para mejorar posicionamiento del facebook de la empresa.<\/h3><\/li><li><h3>Administramos tus publicidades&nbsp;<\/h3><\/li><li><h3>Entrega semanal&nbsp; de estad\u00edsticas de seguimiento de tus publicidades<\/h3><\/li><\/ul><\/h2>\t\t\t\t<\/div>\n\t\t\t\t<\/div>\n\t\t\t\t\t<\/div>\n\t\t<\/div>\n\t\t\t\t<div class=\"elementor-column elementor-col-50 elementor-top-column elementor-element elementor-element-c15aafa\" data-id=\"c15aafa\" data-element_type=\"column\" data-e-type=\"column\">\n\t\t\t<div class=\"elementor-widget-wrap elementor-element-populated\">\n\t\t\t\t\t\t<div class=\"elementor-element elementor-element-0e123c0 elementor-widget elementor-widget-image\" data-id=\"0e123c0\" data-element_type=\"widget\" data-e-type=\"widget\" data-widget_type=\"image.default\">\n\t\t\t\t<div class=\"elementor-widget-container\">\n\t\t\t\t\t\t\t\t\t\t\t\t\t\t\t<img decoding=\"async\" width=\"770\" height=\"450\" src=\"https:\/\/venadosoft.com.ar\/agencia\/wp-content\/uploads\/2019\/10\/post_2.png\" class=\"attachment-large size-large wp-image-390\" alt=\"\" srcset=\"https:\/\/venadosoft.com.ar\/agencia\/wp-content\/uploads\/2019\/10\/post_2.png 770w, https:\/\/venadosoft.com.ar\/agencia\/wp-content\/uploads\/2019\/10\/post_2-300x175.png 300w, https:\/\/venadosoft.com.ar\/agencia\/wp-content\/uploads\/2019\/10\/post_2-768x449.png 768w, https:\/\/venadosoft.com.ar\/agencia\/wp-content\/uploads\/2019\/10\/post_2-230x134.png 230w, https:\/\/venadosoft.com.ar\/agencia\/wp-content\/uploads\/2019\/10\/post_2-350x205.png 350w, https:\/\/venadosoft.com.ar\/agencia\/wp-content\/uploads\/2019\/10\/post_2-480x281.png 480w\" sizes=\"(max-width: 770px) 100vw, 770px\" \/>\t\t\t\t\t\t\t\t\t\t\t\t\t\t\t<\/div>\n\t\t\t\t<\/div>\n\t\t\t\t\t<\/div>\n\t\t<\/div>\n\t\t\t\t\t<\/div>\n\t\t<\/section>\n\t\t\t\t<\/div>\n\t\t","protected":false},"excerpt":{"rendered":"<p>Contamos con una plataforma de manejo de contenidos CMS que te ayudar\u00e1 a mantener tu sitio web al d\u00eda Mediante ua amistosa [&hellip;]<\/p>\n","protected":false},"author":3,"featured_media":0,"parent":0,"menu_order":0,"comment_status":"closed","ping_status":"closed","template":"","meta":{"footnotes":""},"class_list":["post-101","page","type-page","status-publish","hentry"],"_links":{"self":[{"href":"https:\/\/venadosoft.com.ar\/agencia\/wp-json\/wp\/v2\/pages\/101","targetHints":{"allow":["GET"]}}],"collection":[{"href":"https:\/\/venadosoft.com.ar\/agencia\/wp-json\/wp\/v2\/pages"}],"about":[{"href":"https:\/\/venadosoft.com.ar\/agencia\/wp-json\/wp\/v2\/types\/page"}],"author":[{"embeddable":true,"href":"https:\/\/venadosoft.com.ar\/agencia\/wp-json\/wp\/v2\/users\/3"}],"replies":[{"embeddable":true,"href":"https:\/\/venadosoft.com.ar\/agencia\/wp-json\/wp\/v2\/comments?post=101"}],"version-history":[{"count":15,"href":"https:\/\/venadosoft.com.ar\/agencia\/wp-json\/wp\/v2\/pages\/101\/revisions"}],"predecessor-version":[{"id":658,"href":"https:\/\/venadosoft.com.ar\/agencia\/wp-json\/wp\/v2\/pages\/101\/revisions\/658"}],"wp:attachment":[{"href":"https:\/\/venadosoft.com.ar\/agencia\/wp-json\/wp\/v2\/media?parent=101"}],"curies":[{"name":"wp","href":"https:\/\/api.w.org\/{rel}","templated":true}]}}